{"id":4,"date":"2014-08-18T17:01:38","date_gmt":"2014-08-18T17:01:38","guid":{"rendered":"http:\/\/cricek.eu\/?page_id=4"},"modified":"2025-02-16T06:59:21","modified_gmt":"2025-02-16T07:59:21","slug":"jezikovna-sola-cricek","status":"publish","type":"page","link":"https:\/\/www.cricek.eu\/","title":{"rendered":"Jezikovna \u0161ola \u010cri\u010dek"},"content":{"rendered":"<p><strong><span style=\"color: #ff0000;\">Pridru\u017eite se nam! Pohitite s prijavami: <a href=\"tel:+38640334506\">040 334 506<\/a> in <a href=\"mailto:jorosi@gmail.com\">jorosi@gmail.com<\/a>.<\/span><\/strong><\/p>\n<p>Jezikovna \u0161ola <strong>\u010cri\u010dek<\/strong> vam ponuja individualne te\u010daje, te\u010daje v paru, v majhni skupini od 3 do 4 udele\u017eencev ali ve\u010dji skupini na va\u0161i lokaciji. Nudim pou\u010devanje <strong>angle\u0161\u010dine in franco\u0161\u010dine<\/strong>. \u0160e posebej veliko prakse imam z osnovno\u0161olci vseh stopenj in odraslimi te\u010dajniki, izvajam pa tudi priprave na maturo.<\/p>\n<p>U\u010denje pri nas je spro\u0161\u010deno, vendar resno, kakovostno in zaradi zelo<strong> majhnih skupin <\/strong>omogo\u010da<strong> aktivno sodelovanje <\/strong>posameznikov, ko dejansko lahko <strong>vsi spregovorijo.<\/strong><\/p>\n<p>Mogo\u010de imate za sabo \u017ee veliko let u\u010denja angle\u0161\u010dine in va\u0161e znanje \u0161e vedno ni aktivno in uporabno? Mogo\u010de si \u017ee dolgo \u017eelite spro\u0161\u010deno spregovoriti v angle\u0161\u010dini ali franco\u0161\u010dini?<\/p>\n<p>Lahko se na spontan na\u010din <strong>u\u010dimo osnovnega sporazumevanja,<\/strong> predstavitev, nekaj predlagati, vpra\u0161ati za pot, za pomo\u010d, igro vlog v razli\u010dnih situacijah (v trgovini, v restavraciji, pri frizerju, na po\u0161ti, v \u0161oli, pogovor po telefonu, \u2026).<\/p>\n<p>Lahko<strong> osve\u017eimo <\/strong><strong>znanje,<\/strong> ki je bilo neko\u010d usvojeno, utrdimo, seveda pa tudi raz\u0161irimo, glede na \u017eelje slu\u0161ateljev.<\/p>\n<p><span style=\"color: #800080;\">\u010ce \u017eelite izbolj\u0161ati<strong> izgovorjavo<\/strong> in angle\u0161ki ali francoski<strong> naglas<\/strong>, so na voljo <strong>ure fonetike<\/strong> in <strong>vaje za intonacijo<\/strong>. Za motivcijo si oglejte video <\/span><\/p>\n<ul>\n<li><span style=\"color: #800080;\"><a href=\"https:\/\/www.youtube.com\/watch?v=HLr8pzNZGtc\">Pronunciation and intonation<\/a> <\/span><\/li>\n<li><span style=\"color: #800080;\"><a href=\"https:\/\/youtu.be\/DRIdB09saPo?si=qtxz1DJg4Gqb7-5A\">English sounds<\/a><\/span><\/li>\n<li><a href=\"https:\/\/youtu.be\/96OB-IF-4iw\">Zakaj Slovenci nekaj franco\u0161\u010dine \u017ee znamo<\/a><\/li>\n<\/ul>\n<p>Lahko pa se tudi <strong>pripravljamo na mednarodne izpite<\/strong> (TOEFL, FCE, CAE &#8211; Cambridge Advanced English Exam).<\/p>\n<p>Pouk izvajam v \u017eivo ali online.<\/p>\n<p>Za dodatne informacije pokli\u010dite 040 334 506.<\/p>\n<p><a href=\"https:\/\/cricek.eu\/wp-content\/uploads\/Cricek-nova-11-02-2025.pdf\">Zlo\u017eenka<\/a><\/p>\n<p>&nbsp;<\/p>\n<p><!-- Google tag (gtag.js) --><br \/>\n<script async src=\"https:\/\/www.googletagmanager.com\/gtag\/js?id=AW-16701151747\"><\/script><br \/>\n<script>\n  window.dataLayer = window.dataLayer || [];\n  function gtag(){dataLayer.push(arguments);}\n  gtag('js', new Date());<\/p>\n<p>  gtag('config', 'AW-16701151747');\n<\/script><\/p>\n","protected":false},"excerpt":{"rendered":"<p>Pridru\u017eite se nam! Pohitite s prijavami: 040 334 506 in jorosi@gmail.com. Jezikovna \u0161ola \u010cri\u010dek vam ponuja individualne te\u010daje, te\u010daje v paru, v majhni skupini od 3 do 4 udele\u017eencev ali ve\u010dji skupini na va\u0161i lokaciji. Nudim pou\u010devanje angle\u0161\u010dine in franco\u0161\u010dine. \u0160e posebej veliko prakse imam z osnovno\u0161olci vseh stopenj in odraslimi te\u010dajniki, izvajam pa tudi &hellip; <a href=\"https:\/\/www.cricek.eu\/\" class=\"more-link\">Preberi ve\u010d <span class=\"screen-reader-text\">Jezikovna \u0161ola \u010cri\u010dek<\/span> <span class=\"meta-nav\">&rarr;<\/span><\/a><\/p>\n","protected":false},"author":1,"featured_media":0,"parent":0,"menu_order":0,"comment_status":"closed","ping_status":"closed","template":"","meta":{"footnotes":""},"class_list":["post-4","page","type-page","status-publish","hentry"],"jetpack_sharing_enabled":true,"_links":{"self":[{"href":"https:\/\/www.cricek.eu\/index.php?rest_route=\/wp\/v2\/pages\/4","targetHints":{"allow":["GET"]}}],"collection":[{"href":"https:\/\/www.cricek.eu\/index.php?rest_route=\/wp\/v2\/pages"}],"about":[{"href":"https:\/\/www.cricek.eu\/index.php?rest_route=\/wp\/v2\/types\/page"}],"author":[{"embeddable":true,"href":"https:\/\/www.cricek.eu\/index.php?rest_route=\/wp\/v2\/users\/1"}],"replies":[{"embeddable":true,"href":"https:\/\/www.cricek.eu\/index.php?rest_route=%2Fwp%2Fv2%2Fcomments&post=4"}],"version-history":[{"count":91,"href":"https:\/\/www.cricek.eu\/index.php?rest_route=\/wp\/v2\/pages\/4\/revisions"}],"predecessor-version":[{"id":857,"href":"https:\/\/www.cricek.eu\/index.php?rest_route=\/wp\/v2\/pages\/4\/revisions\/857"}],"wp:attachment":[{"href":"https:\/\/www.cricek.eu\/index.php?rest_route=%2Fwp%2Fv2%2Fmedia&parent=4"}],"curies":[{"name":"wp","href":"https:\/\/api.w.org\/{rel}","templated":true}]}}